{"id":573,"date":"2022-02-12T18:43:26","date_gmt":"2022-02-12T18:43:26","guid":{"rendered":"https:\/\/keliaukzuikiu.lt\/?page_id=573"},"modified":"2026-02-05T12:19:42","modified_gmt":"2026-02-05T12:19:42","slug":"apie-mane","status":"publish","type":"page","link":"https:\/\/keliaukzuikiu.lt\/?page_id=573","title":{"rendered":"Apie mane"},"content":{"rendered":"\n<h1 class=\"wp-block-heading has-text-align-center has-x-large-font-size\" id=\"block-ebf3c0e8-69f8-49e1-b13b-3d50acebe406\" style=\"font-style:normal;font-weight:700;text-transform:capitalize\"><br>KELIAVIMO AISTR\u0104 PAVER\u010cIAME<\/h1>\n\n\n\n<h1 class=\"wp-block-heading has-text-align-center has-x-large-font-size\" id=\"block-5ba13f7a-8452-4009-b0f0-20d7093aaeb5\" style=\"font-style:normal;font-weight:700;text-transform:capitalize\">KELION\u0116S PLANU!<\/h1>\n\n\n\n<p id=\"block-fce58e82-9b1f-4269-9143-6e477f893d54\"><strong>Kas a\u0161?<\/strong><br>Esu kelioni\u0173 myl\u0117toja, aplankiusi 38 \u0161alis, kai kurias i\u0161 j\u0173 po kelet\u0105 kart\u0173. Kelioni\u0173 planavimas yra mano aistra. Suplanuoti savo kelion\u0119, i\u0161 anksto su\u017einoti apie \u0161al\u012f man yra ne ma\u017eesnis malonumas nei pati kelion\u0117. Kadangi planavimas ir informacijos ruo\u0161imas u\u017eima daug laiko, da\u017eniausiai vos gr\u012f\u017eusi i\u0161 kelion\u0117s jau pradedu d\u0117lioti planus kitai kelionei. Tad su dideliu d\u017eiaugsmu dalinuosi savo patirtimi apie patikusius vie\u0161bu\u010dius, perve\u017eimus ir kitas svarbias kelion\u0117s detales ir su Keliauk zuikiu tinklara\u0161\u010dio skaitytojais bei Instagram @Keliaukzuikiu sek\u0117jais.<\/p>\n\n\n\n<div class=\"wp-block-columns is-layout-flex wp-container-core-columns-is-layout-28f84493 wp-block-columns-is-layout-flex\">\n<div class=\"wp-block-column is-layout-flow wp-block-column-is-layout-flow\"><div class=\"wp-block-image\">\n<figure class=\"aligncenter size-large is-resized\"><img fetchpriority=\"high\" decoding=\"async\" width=\"710\" height=\"1024\" src=\"https:\/\/keliaukzuikiu.lt\/wp-content\/uploads\/2024\/02\/1-1-1-710x1024.jpg\" alt=\"\" class=\"wp-image-3924\" style=\"aspect-ratio:3\/4;object-fit:cover;width:254px;height:auto\" srcset=\"https:\/\/keliaukzuikiu.lt\/wp-content\/uploads\/2024\/02\/1-1-1-710x1024.jpg 710w, https:\/\/keliaukzuikiu.lt\/wp-content\/uploads\/2024\/02\/1-1-1-208x300.jpg 208w, https:\/\/keliaukzuikiu.lt\/wp-content\/uploads\/2024\/02\/1-1-1-768x1108.jpg 768w, https:\/\/keliaukzuikiu.lt\/wp-content\/uploads\/2024\/02\/1-1-1-1065x1536.jpg 1065w, https:\/\/keliaukzuikiu.lt\/wp-content\/uploads\/2024\/02\/1-1-1-1140x1644.jpg 1140w, https:\/\/keliaukzuikiu.lt\/wp-content\/uploads\/2024\/02\/1-1-1.jpg 1331w\" sizes=\"(max-width: 710px) 100vw, 710px\" \/><\/figure>\n<\/div><\/div>\n\n\n\n<div class=\"wp-block-column is-vertically-aligned-center is-layout-flow wp-block-column-is-layout-flow\"><div class=\"wp-block-image\">\n<figure class=\"aligncenter size-large is-resized\"><img decoding=\"async\" width=\"576\" height=\"1024\" src=\"https:\/\/keliaukzuikiu.lt\/wp-content\/uploads\/2024\/02\/PXL_20231020_0629307922-576x1024.jpg\" alt=\"\" class=\"wp-image-3927\" style=\"aspect-ratio:3\/4;object-fit:cover;width:254px\" srcset=\"https:\/\/keliaukzuikiu.lt\/wp-content\/uploads\/2024\/02\/PXL_20231020_0629307922-576x1024.jpg 576w, https:\/\/keliaukzuikiu.lt\/wp-content\/uploads\/2024\/02\/PXL_20231020_0629307922-169x300.jpg 169w, https:\/\/keliaukzuikiu.lt\/wp-content\/uploads\/2024\/02\/PXL_20231020_0629307922-768x1365.jpg 768w, https:\/\/keliaukzuikiu.lt\/wp-content\/uploads\/2024\/02\/PXL_20231020_0629307922-864x1536.jpg 864w, https:\/\/keliaukzuikiu.lt\/wp-content\/uploads\/2024\/02\/PXL_20231020_0629307922.jpg 1080w\" sizes=\"(max-width: 576px) 100vw, 576px\" \/><\/figure>\n<\/div><\/div>\n\n\n\n<div class=\"wp-block-column is-layout-flow wp-block-column-is-layout-flow\">\n<figure class=\"wp-block-image size-large is-resized\"><img decoding=\"async\" width=\"768\" height=\"1024\" src=\"https:\/\/keliaukzuikiu.lt\/wp-content\/uploads\/2024\/02\/Khao-sok-Tailandas13-768x1024.jpg\" alt=\"\" class=\"wp-image-3926\" style=\"aspect-ratio:3\/4;object-fit:cover;width:254px\" srcset=\"https:\/\/keliaukzuikiu.lt\/wp-content\/uploads\/2024\/02\/Khao-sok-Tailandas13-768x1024.jpg 768w, https:\/\/keliaukzuikiu.lt\/wp-content\/uploads\/2024\/02\/Khao-sok-Tailandas13-225x300.jpg 225w, https:\/\/keliaukzuikiu.lt\/wp-content\/uploads\/2024\/02\/Khao-sok-Tailandas13-1152x1536.jpg 1152w, https:\/\/keliaukzuikiu.lt\/wp-content\/uploads\/2024\/02\/Khao-sok-Tailandas13-1140x1520.jpg 1140w, https:\/\/keliaukzuikiu.lt\/wp-content\/uploads\/2024\/02\/Khao-sok-Tailandas13.jpg 1440w\" sizes=\"(max-width: 768px) 100vw, 768px\" \/><\/figure>\n<\/div>\n<\/div>\n\n\n\n<p id=\"block-8411cbb6-87ce-4433-a6bc-db5bae7e2594\"><strong>Kaip apib\u016bdiname savo keliones?<\/strong><br>Pirmiausiai, m\u016bs\u0173 kelion\u0117s b\u016bna labai aktyvios. I\u0161 kiekvienos kelion\u0117s stengiam\u0117s i\u0161spausti maksimaliai. Gul\u0117jimas prie baseino ne mums. Nebijome keltis 5 valand\u0105 ryto, jei to reikia norint pamatyti toliau esant\u012f objekt\u0105. Tod\u0117l i\u0161 kelioni\u0173 parsive\u017eame daug \u012fsp\u016bd\u017ei\u0173 ir aplankome daug viet\u0173, apie kurias galime papasakoti. Antra, m\u016bs\u0173 kelion\u0117s b\u016bna komforti\u0161kai taupios. Nei\u0161laidaujame prabangioms vakarien\u0117ms, bet apsigyvename 3 arba 4 \u017evaig\u017edu\u010di\u0173 puikiai \u012fvertintuose vie\u0161bu\u010diuose. Renkam\u0117s pigesnius, bet grei\u010diausius perve\u017eimus arba nuomojam\u0117s automobil\u012f.<\/p>\n\n\n\n<p id=\"block-332dd429-55ca-4764-8ec1-031bf7dbf376\"><strong>Su kuo keliaujame?<\/strong><br>Pastaruosius 12 met\u0173 keliaujame kartu su vyru Nerijumi. A\u0161 esu kelion\u0117s gidas, jis \u2013 kelion\u0117s \u017eem\u0117lapis. Man patinka ie\u0161koti lankytin\u0173 viet\u0173 ir kelion\u0117s jung\u010di\u0173, ta\u010diau d\u0117liojim\u0105 \u017eem\u0117lapyje ir jo sekim\u0105 visuomet palieku vyrui. Pastaruoju metu prie m\u016bs\u0173 kelioni\u0173 vis da\u017eniau prisijungia ir draugai. Nes keliauti kompanijoje yra smagiau, jei keliautoj\u0173 pom\u0117giai ir tikslai suderinami. Keliaujant su draugais netyla juokas!<\/p>\n\n\n<div class=\"wp-block-image\">\n<figure class=\"aligncenter\" id=\"block-84616d13-08e3-4385-b786-11aab46eb703\"><img decoding=\"async\" src=\"https:\/\/keliaukzuikiu.lt\/wp-content\/uploads\/2022\/02\/boost-your-brand.jpg\" alt=\"This image has an empty alt attribute; its file name is boost-your-brand..jpg\"\/><\/figure>\n<\/div>\n\n\n<p id=\"block-dfdf1fe7-a880-4bc3-87f4-cd4fb7969853\"><strong>TOP aplankytos vietos<\/strong><br>Kiekviena kelion\u0117 buvo geresn\u0117 u\u017e buvusi\u0105 ir galiausiai nebegal\u0117jau pasakyti, kuri \u0161alis ar miestas man patiko labiausiai. Sakoma, kad visi keliai veda \u012f Rom\u0105. Man \u0161is miestas liko vienas \u012fsp\u016bdingiausi\u0173 Europoje, j\u012f aplankiau ne vien\u0105 kart\u0105. Laimingiausius ir laisviausius \u017emones sutikau Kopenhagoje. Tenerif\u0117s sala tur\u0117jo toki\u0105 nuostabi\u0105 aur\u0105, kad nor\u0117jau likti gyventi. \u0160veicarijos gamta \u2013 ypatinga. Alpi\u0173 kalnai ir ma\u017ei kaln\u0173 miesteliai, pasik\u0117limas \u012f Montblano vir\u0161ukaln\u0119 buvo \u201eeurotripo\u201c vinis. O Portugalijos papl\u016bdimiai Algarv\u0117je su oran\u017ein\u0117mis smiltainio uolomis gra\u017eiausi visoje Europoje. Ir \u0161is top\u2018\u0173 s\u0105ra\u0161as gal\u0117t\u0173 t\u0119stis be galo, nes kiekviena aplankyta \u0161alis tur\u0117jo toki\u0173 nuostabi\u0173 viet\u0173, apie kurias gal\u0117\u010diau ra\u0161yti ir ra\u0161yti.<br>Aplankiusi daugum\u0105 Europos \u0161ali\u0173 i\u0161keliavau tyrin\u0117ti Azijos. Pirmiausiai \u012fsimyl\u0117jau Tailand\u0105. \u010cia buvo viskas nauja \u2013 kult\u016bra, \u017emon\u0117s, gamta, maistas ir visa supanti aplinka. Kiekviena diena palikdavo tiek daug \u012fsp\u016bd\u017ei\u0173! V\u0117liau aplankiau Singap\u016br\u0105 \u2013 tvarkingiausi\u0105, su grie\u017e\u010diausiomis taisykl\u0117mis ir vien\u0105 brangiausi\u0173 pasaulyje miest\u0173. Tai yra moderniausias mano matytas miestas, kuriame labai nor\u0117\u010diau pagyventi ilgiau. Borneo saloje Malaizijoje did\u017eiul\u012f \u012fsp\u016bd\u012f paliko laukin\u0117 gamta \u2013 aplank\u0117me orangutang\u0173 rezervat\u0105, steb\u0117jome krokodilus, \u0117jome \u012f \u017eygius per d\u017eiungles. Neseniai aplankytas Vietnamas su\u017eav\u0117jo ne ma\u017eiau &#8211; daugiau nei 3 kilometr\u0173 auk\u0161tyje \u012fkurtos \u0161ventyklos, kurias pasiek\u0117me vienu ilgiausiu lyn\u0173 keltuv\u0173 pasaulyje, stiklinis tiltas auk\u0161tai kalnuose vir\u0161 sl\u0117nio, \u017eygis po ry\u017ei\u0173 laukus, \u017eavinga Halong Bay \u012flanga su \u017ealiuojan\u010diomis uolomis ir nepakartojamas plaukimas Ninh Binh upe su valtis irkluojan\u010diais kojomis vietiniais gyventojais paliko pa\u010dius geriausius \u012fsp\u016bd\u017eius. Tad kur toliau?<\/p>\n\n\n\n<div class=\"wp-block-columns is-layout-flex wp-container-core-columns-is-layout-28f84493 wp-block-columns-is-layout-flex\">\n<div class=\"wp-block-column is-layout-flow wp-block-column-is-layout-flow\">\n<figure class=\"wp-block-image size-large\"><img loading=\"lazy\" decoding=\"async\" width=\"768\" height=\"1024\" src=\"https:\/\/keliaukzuikiu.lt\/wp-content\/uploads\/2024\/02\/IMG_20210922_131645-768x1024.jpg\" alt=\"\" class=\"wp-image-3928\" style=\"aspect-ratio:3\/4;object-fit:cover\" srcset=\"https:\/\/keliaukzuikiu.lt\/wp-content\/uploads\/2024\/02\/IMG_20210922_131645-768x1024.jpg 768w, https:\/\/keliaukzuikiu.lt\/wp-content\/uploads\/2024\/02\/IMG_20210922_131645-225x300.jpg 225w, https:\/\/keliaukzuikiu.lt\/wp-content\/uploads\/2024\/02\/IMG_20210922_131645-1152x1536.jpg 1152w, https:\/\/keliaukzuikiu.lt\/wp-content\/uploads\/2024\/02\/IMG_20210922_131645-1140x1520.jpg 1140w, https:\/\/keliaukzuikiu.lt\/wp-content\/uploads\/2024\/02\/IMG_20210922_131645.jpg 1440w\" sizes=\"(max-width: 768px) 100vw, 768px\" \/><\/figure>\n<\/div>\n\n\n\n<div class=\"wp-block-column is-layout-flow wp-block-column-is-layout-flow\">\n<figure class=\"wp-block-image size-large\"><img loading=\"lazy\" decoding=\"async\" width=\"768\" height=\"1024\" src=\"https:\/\/keliaukzuikiu.lt\/wp-content\/uploads\/2024\/02\/Similan-salos-Tailandas-768x1024.jpg\" alt=\"\" class=\"wp-image-3937\" srcset=\"https:\/\/keliaukzuikiu.lt\/wp-content\/uploads\/2024\/02\/Similan-salos-Tailandas-768x1024.jpg 768w, https:\/\/keliaukzuikiu.lt\/wp-content\/uploads\/2024\/02\/Similan-salos-Tailandas-225x300.jpg 225w, https:\/\/keliaukzuikiu.lt\/wp-content\/uploads\/2024\/02\/Similan-salos-Tailandas-1152x1536.jpg 1152w, https:\/\/keliaukzuikiu.lt\/wp-content\/uploads\/2024\/02\/Similan-salos-Tailandas-1140x1520.jpg 1140w, https:\/\/keliaukzuikiu.lt\/wp-content\/uploads\/2024\/02\/Similan-salos-Tailandas.jpg 1440w\" sizes=\"(max-width: 768px) 100vw, 768px\" \/><\/figure>\n<\/div>\n\n\n\n<div class=\"wp-block-column is-layout-flow wp-block-column-is-layout-flow\">\n<figure class=\"wp-block-image size-large\"><img loading=\"lazy\" decoding=\"async\" width=\"768\" height=\"1024\" src=\"https:\/\/keliaukzuikiu.lt\/wp-content\/uploads\/2024\/02\/Khao-sok-Tailandas12-768x1024.jpg\" alt=\"\" class=\"wp-image-3931\" style=\"aspect-ratio:3\/4;object-fit:cover\" srcset=\"https:\/\/keliaukzuikiu.lt\/wp-content\/uploads\/2024\/02\/Khao-sok-Tailandas12-768x1024.jpg 768w, https:\/\/keliaukzuikiu.lt\/wp-content\/uploads\/2024\/02\/Khao-sok-Tailandas12-225x300.jpg 225w, https:\/\/keliaukzuikiu.lt\/wp-content\/uploads\/2024\/02\/Khao-sok-Tailandas12-1152x1536.jpg 1152w, https:\/\/keliaukzuikiu.lt\/wp-content\/uploads\/2024\/02\/Khao-sok-Tailandas12-1140x1520.jpg 1140w, https:\/\/keliaukzuikiu.lt\/wp-content\/uploads\/2024\/02\/Khao-sok-Tailandas12.jpg 1440w\" sizes=\"(max-width: 768px) 100vw, 768px\" \/><\/figure>\n<\/div>\n<\/div>\n\n\n\n<p id=\"block-c047e40d-26e5-451f-91ed-97533af13bc4\"><strong>Nuo ko prasid\u0117jo?<\/strong><br>Kelion\u0117s mane u\u017eb\u016br\u0117 dar paauglyst\u0117je, kai mama i\u0161sive\u017e\u0117 \u012f kelion\u0119 autobusu iki Italijos. Pakeliui aplank\u0117me Lenkij\u0105, Vokietij\u0105, \u0160veicarij\u0105, Austrij\u0105 ir \u010cekij\u0105. Kelion\u0117 paliko nuostabius prisiminimus.&nbsp; Pirm\u0105 kart\u0105 i\u0161vydau didingus Alpi\u0173 kalnus ir aplankiau Reino kriokl\u012f. Tai vandeningiausas Europos krioklys, krentantis su mil\u017eini\u0161ka j\u0117ga. Jo garsus \u0161niok\u0161timas ir debesis vandens pursl\u0173, ta\u0161kan\u010di\u0173 vaik\u0161tan\u010dius ap\u017evalgos aik\u0161tel\u0117se, padar\u0117 pat\u012f did\u017eiausi\u0105 kelion\u0117s \u012fsp\u016bd\u012f. Ir iki \u0161iol mano m\u0117gstamiausios lankytinos vietos yra gyv\u016bn\u0173 steb\u0117jimas, gamtos objektai. Miestams kelion\u0117se palieku ma\u017eiau laiko.<\/p>\n\n\n\n<p id=\"block-107e76e2-078d-4f34-aa94-e9d6ed91b665\"><strong>Svajon\u0117s<\/strong><br>Artimiausiuose planuose \u2013 aplankyti Islandij\u0105 ir Gruzij\u0105. Tai \u0161alys, u\u017eburian\u010dios savo gamtos gro\u017eiu. Tolimuose planuose \u2013 pasiekti Nauj\u0105j\u0105 Zelandij\u0105.<\/p>\n\n\n\n<div style=\"height:66px\" aria-hidden=\"true\" class=\"wp-block-spacer\"><\/div>\n\n\n<div class=\"wp-block-image\">\n<figure class=\"aligncenter size-large\"><img loading=\"lazy\" decoding=\"async\" width=\"1024\" height=\"576\" src=\"https:\/\/keliaukzuikiu.lt\/wp-content\/uploads\/2026\/02\/APLANKYTOS-SALYS-1024x576.jpg\" alt=\"\" class=\"wp-image-4314\" srcset=\"https:\/\/keliaukzuikiu.lt\/wp-content\/uploads\/2026\/02\/APLANKYTOS-SALYS-1024x576.jpg 1024w, https:\/\/keliaukzuikiu.lt\/wp-content\/uploads\/2026\/02\/APLANKYTOS-SALYS-300x169.jpg 300w, https:\/\/keliaukzuikiu.lt\/wp-content\/uploads\/2026\/02\/APLANKYTOS-SALYS-768x432.jpg 768w, https:\/\/keliaukzuikiu.lt\/wp-content\/uploads\/2026\/02\/APLANKYTOS-SALYS-1536x864.jpg 1536w, https:\/\/keliaukzuikiu.lt\/wp-content\/uploads\/2026\/02\/APLANKYTOS-SALYS-1140x641.jpg 1140w, https:\/\/keliaukzuikiu.lt\/wp-content\/uploads\/2026\/02\/APLANKYTOS-SALYS.jpg 1920w\" sizes=\"(max-width: 1024px) 100vw, 1024px\" \/><\/figure>\n<\/div>","protected":false},"excerpt":{"rendered":"<p>KELIAVIMO AISTR\u0104 PAVER\u010cIAME KELION\u0116S PLANU! Kas a\u0161?Esu kelioni\u0173 myl\u0117toja, aplankiusi 38 \u0161alis, kai kurias i\u0161 j\u0173 po kelet\u0105 kart\u0173. Kelioni\u0173 planavimas yra mano aistra. Suplanuoti savo kelion\u0119, i\u0161 anksto su\u017einoti apie \u0161al\u012f man yra ne ma\u017eesnis malonumas nei pati kelion\u0117. Kadangi planavimas ir informacijos ruo\u0161imas u\u017eima daug laiko, da\u017eniausiai vos gr\u012f\u017eusi i\u0161 kelion\u0117s jau pradedu d\u0117lioti planus kitai kelionei. Tad su dideliu d\u017eiaugsmu dalinuosi savo patirtimi apie patikusius vie\u0161bu\u010dius, perve\u017eimus ir kitas svarbias kelion\u0117s detales ir su Keliauk zuikiu tinklara\u0161\u010dio skaitytojais bei Instagram @Keliaukzuikiu sek\u0117jais. Kaip apib\u016bdiname savo keliones?Pirmiausiai, m\u016bs\u0173 kelion\u0117s b\u016bna labai aktyvios. I\u0161 kiekvienos kelion\u0117s stengiam\u0117s i\u0161spausti maksimaliai. Gul\u0117jimas prie baseino ne mums. Nebijome keltis 5 valand\u0105 ryto, jei to reikia norint pamatyti toliau esant\u012f objekt\u0105. Tod\u0117l i\u0161 kelioni\u0173 parsive\u017eame daug \u012fsp\u016bd\u017ei\u0173 ir aplankome daug viet\u0173, apie kurias galime papasakoti. Antra, m\u016bs\u0173 kelion\u0117s b\u016bna komforti\u0161kai taupios. Nei\u0161laidaujame prabangioms vakarien\u0117ms, bet apsigyvename 3 arba 4 \u017evaig\u017edu\u010di\u0173 puikiai \u012fvertintuose vie\u0161bu\u010diuose. Renkam\u0117s pigesnius, bet grei\u010diausius perve\u017eimus arba nuomojam\u0117s automobil\u012f. Su kuo keliaujame?Pastaruosius 12 met\u0173 keliaujame kartu su vyru Nerijumi. A\u0161 esu kelion\u0117s gidas, jis \u2013 kelion\u0117s \u017eem\u0117lapis. Man patinka ie\u0161koti lankytin\u0173 viet\u0173 ir kelion\u0117s jung\u010di\u0173, ta\u010diau d\u0117liojim\u0105 \u017eem\u0117lapyje ir jo sekim\u0105 visuomet palieku vyrui. Pastaruoju metu prie m\u016bs\u0173 kelioni\u0173 vis da\u017eniau prisijungia ir draugai. Nes keliauti kompanijoje yra smagiau, jei keliautoj\u0173 pom\u0117giai ir tikslai suderinami. Keliaujant su draugais netyla juokas! TOP aplankytos vietosKiekviena kelion\u0117 buvo geresn\u0117 u\u017e buvusi\u0105 ir galiausiai nebegal\u0117jau pasakyti, kuri \u0161alis ar miestas man patiko labiausiai. Sakoma, kad visi keliai veda \u012f Rom\u0105. Man \u0161is miestas liko vienas \u012fsp\u016bdingiausi\u0173 Europoje, j\u012f aplankiau ne vien\u0105 kart\u0105. Laimingiausius ir laisviausius \u017emones sutikau Kopenhagoje. Tenerif\u0117s sala tur\u0117jo toki\u0105 nuostabi\u0105 aur\u0105, kad nor\u0117jau likti gyventi. \u0160veicarijos gamta \u2013 ypatinga. Alpi\u0173 kalnai ir ma\u017ei kaln\u0173 miesteliai, pasik\u0117limas \u012f Montblano vir\u0161ukaln\u0119 buvo \u201eeurotripo\u201c vinis. O Portugalijos papl\u016bdimiai Algarv\u0117je su oran\u017ein\u0117mis smiltainio uolomis gra\u017eiausi visoje Europoje. Ir \u0161is top\u2018\u0173 s\u0105ra\u0161as gal\u0117t\u0173 t\u0119stis be galo, nes kiekviena aplankyta \u0161alis tur\u0117jo toki\u0173 nuostabi\u0173 viet\u0173, apie kurias gal\u0117\u010diau ra\u0161yti ir ra\u0161yti.Aplankiusi daugum\u0105 Europos \u0161ali\u0173 i\u0161keliavau tyrin\u0117ti Azijos. Pirmiausiai \u012fsimyl\u0117jau Tailand\u0105. \u010cia buvo viskas nauja \u2013 kult\u016bra, \u017emon\u0117s, gamta, maistas ir visa supanti aplinka. Kiekviena diena palikdavo tiek daug \u012fsp\u016bd\u017ei\u0173! V\u0117liau aplankiau Singap\u016br\u0105 \u2013 tvarkingiausi\u0105, su grie\u017e\u010diausiomis taisykl\u0117mis ir vien\u0105 brangiausi\u0173 pasaulyje miest\u0173. Tai yra moderniausias mano matytas miestas, kuriame labai nor\u0117\u010diau pagyventi ilgiau. Borneo saloje Malaizijoje did\u017eiul\u012f \u012fsp\u016bd\u012f paliko laukin\u0117 gamta \u2013 aplank\u0117me orangutang\u0173 rezervat\u0105, steb\u0117jome krokodilus, \u0117jome \u012f \u017eygius per d\u017eiungles. Neseniai aplankytas Vietnamas su\u017eav\u0117jo ne ma\u017eiau &#8211; daugiau nei 3 kilometr\u0173 auk\u0161tyje \u012fkurtos \u0161ventyklos, kurias pasiek\u0117me vienu ilgiausiu lyn\u0173 keltuv\u0173 pasaulyje, stiklinis tiltas auk\u0161tai kalnuose vir\u0161 sl\u0117nio, \u017eygis po ry\u017ei\u0173 laukus, \u017eavinga Halong Bay \u012flanga su \u017ealiuojan\u010diomis uolomis ir nepakartojamas plaukimas Ninh Binh upe su valtis irkluojan\u010diais kojomis vietiniais gyventojais paliko pa\u010dius geriausius \u012fsp\u016bd\u017eius. Tad kur toliau? Nuo ko prasid\u0117jo?Kelion\u0117s mane u\u017eb\u016br\u0117 dar paauglyst\u0117je, kai mama i\u0161sive\u017e\u0117 \u012f kelion\u0119 autobusu iki Italijos. Pakeliui aplank\u0117me Lenkij\u0105, Vokietij\u0105, \u0160veicarij\u0105, Austrij\u0105 ir \u010cekij\u0105. Kelion\u0117 paliko nuostabius prisiminimus.&nbsp; Pirm\u0105 kart\u0105 i\u0161vydau didingus Alpi\u0173 kalnus ir aplankiau Reino kriokl\u012f. Tai vandeningiausas Europos krioklys, krentantis su mil\u017eini\u0161ka j\u0117ga. Jo garsus \u0161niok\u0161timas ir debesis vandens pursl\u0173, ta\u0161kan\u010di\u0173 vaik\u0161tan\u010dius ap\u017evalgos aik\u0161tel\u0117se, padar\u0117 pat\u012f did\u017eiausi\u0105 kelion\u0117s \u012fsp\u016bd\u012f. Ir iki \u0161iol mano m\u0117gstamiausios lankytinos vietos yra gyv\u016bn\u0173 steb\u0117jimas, gamtos objektai. Miestams kelion\u0117se palieku ma\u017eiau laiko. Svajon\u0117sArtimiausiuose planuose \u2013 aplankyti Islandij\u0105 ir Gruzij\u0105. Tai \u0161alys, u\u017eburian\u010dios savo gamtos gro\u017eiu. Tolimuose planuose \u2013 pasiekti Nauj\u0105j\u0105 Zelandij\u0105.<\/p>\n","protected":false},"author":1,"featured_media":575,"parent":0,"menu_order":0,"comment_status":"closed","ping_status":"closed","template":"","meta":{"om_disable_all_campaigns":false,"_monsterinsights_skip_tracking":false,"_monsterinsights_sitenote_active":false,"_monsterinsights_sitenote_note":"","_monsterinsights_sitenote_category":0,"footnotes":""},"class_list":["post-573","page","type-page","status-publish","has-post-thumbnail","hentry"],"aioseo_notices":[],"jetpack-related-posts":[{"id":232,"url":"https:\/\/keliaukzuikiu.lt\/?page_id=232","url_meta":{"origin":573,"position":0},"title":"KELIONI\u0172 ID\u0116JOS KURIANTIEMS PRISIMINIMUS","author":"Gintar\u0117","date":"11 vasario, 2022","format":false,"excerpt":"Kelion\u0117s po Europ\u0105 \u017dydros pakrant\u0117s, balto sm\u0117lio papl\u016bdimiai, kerinti gamta, apsamanoj\u0119 pilys ir romanti\u0161ki miestukai. Europa turi daug k\u0105 pasi\u016blyti! Keliaujam! Kelion\u0117 \u012f Azij\u0105 Pa\u017eink naujas kult\u016bras, tradicijas ir m\u0117gaukis rytieti\u0161kos virtuv\u0117s patiekalais. Pamatyk nuostabi\u0105 Azijos gamt\u0105, pajusk d\u017eiungli\u0173 ir dykum\u0173 kaitr\u0105. Keliaujam! Kelion\u0117s po Lietuv\u0105 Ir Lietuvoje dar yra\u2026","rel":"","context":"Similar post","block_context":{"text":"Similar post","link":""},"img":{"alt_text":"","src":"https:\/\/i0.wp.com\/keliaukzuikiu.lt\/wp-content\/uploads\/2022\/02\/img_20181008_115911-150x150.jpg?resize=350%2C200&ssl=1","width":350,"height":200,"srcset":"https:\/\/i0.wp.com\/keliaukzuikiu.lt\/wp-content\/uploads\/2022\/02\/img_20181008_115911-150x150.jpg?resize=350%2C200&ssl=1 1x, https:\/\/i0.wp.com\/keliaukzuikiu.lt\/wp-content\/uploads\/2022\/02\/img_20181008_115911-150x150.jpg?resize=525%2C300&ssl=1 1.5x, https:\/\/i0.wp.com\/keliaukzuikiu.lt\/wp-content\/uploads\/2022\/02\/img_20181008_115911-150x150.jpg?resize=700%2C400&ssl=1 2x"},"classes":[]}],"jetpack_sharing_enabled":true,"_links":{"self":[{"href":"https:\/\/keliaukzuikiu.lt\/index.php?rest_route=\/wp\/v2\/pages\/573","targetHints":{"allow":["GET"]}}],"collection":[{"href":"https:\/\/keliaukzuikiu.lt\/index.php?rest_route=\/wp\/v2\/pages"}],"about":[{"href":"https:\/\/keliaukzuikiu.lt\/index.php?rest_route=\/wp\/v2\/types\/page"}],"author":[{"embeddable":true,"href":"https:\/\/keliaukzuikiu.lt\/index.php?rest_route=\/wp\/v2\/users\/1"}],"replies":[{"embeddable":true,"href":"https:\/\/keliaukzuikiu.lt\/index.php?rest_route=%2Fwp%2Fv2%2Fcomments&post=573"}],"version-history":[{"count":24,"href":"https:\/\/keliaukzuikiu.lt\/index.php?rest_route=\/wp\/v2\/pages\/573\/revisions"}],"predecessor-version":[{"id":4317,"href":"https:\/\/keliaukzuikiu.lt\/index.php?rest_route=\/wp\/v2\/pages\/573\/revisions\/4317"}],"wp:featuredmedia":[{"embeddable":true,"href":"https:\/\/keliaukzuikiu.lt\/index.php?rest_route=\/wp\/v2\/media\/575"}],"wp:attachment":[{"href":"https:\/\/keliaukzuikiu.lt\/index.php?rest_route=%2Fwp%2Fv2%2Fmedia&parent=573"}],"curies":[{"name":"wp","href":"https:\/\/api.w.org\/{rel}","templated":true}]}}